{"id":783,"date":"2022-01-04T10:23:25","date_gmt":"2022-01-04T09:23:25","guid":{"rendered":"https:\/\/spolecenstvi65.cz\/?page_id=783"},"modified":"2022-05-09T10:28:56","modified_gmt":"2022-05-09T09:28:56","slug":"uredni-dny-vyboru","status":"publish","type":"page","link":"https:\/\/spolecenstvi65.cz\/?page_id=783","title":{"rendered":"\u00da\u0159edn\u00ed dny v\u00fdboru"},"content":{"rendered":"<p><span style=\"color: #ff0000;\">\u00a0 \u00a0 \u00a0 \u00a0 \u00a0 \u00a0 \u00a0 \u00a0 \u00a0 \u00a0 \u00a0 \u00a0 \u00a0 \u00a0 \u00a0 \u00a0 \u00a0 \u00a0 \u00a0 \u00a0 <em><strong>O Z N \u00c1 M E N \u00cd\u00a0 \u00a0 N \u00c1 J E M N \u00cd K \u016e M<\/strong><\/em><\/span><\/p>\n<p>Od 1.1.2022 budou \u00fa\u0159edn\u00ed dny v\u00fdboru spole\u010denstv\u00ed v\u017edy ka\u017ed\u00e9 <span style=\"color: #3366ff;\">t\u0159et\u00ed \u00fater\u00fd<\/span> v m\u011bs\u00edci od 19.00 hod do 20.30 hod.<\/p>\n<p>P\u0159\u00edpadn\u00e9 hl\u00e1\u0161en\u00ed poruch, kter\u00e9 nejsou br\u00e1ny jako hav\u00e1rie m\u016f\u017eete nahl\u00e1sit na na\u0161i e-mailovou adresu<br \/>\n<span style=\"color: #3366ff;\">spolecenstvi65@seznam.cz<\/span> nebo vhozen\u00edm l\u00edstku s popisem z\u00e1vady nebo dotazu do na\u0161\u00ed po\u0161tovn\u00ed schr\u00e1nky.<\/p>\n<p>V p\u0159\u00edpad\u011b hav\u00e1rie kontaktujte ihned n\u011bkoho ze \u010dlen\u016f v\u00fdboru kdykoli.<\/p>\n<p>&nbsp;<\/p>\n<p>Ostrava dne 4.1.2022\u00a0 \u00a0 \u00a0 \u00a0 \u00a0 \u00a0 \u00a0 \u00a0 \u00a0 \u00a0 \u00a0 \u00a0 \u00a0 \u00a0 \u00a0 \u00a0 \u00a0 \u00a0 \u00a0 \u00a0 \u00a0 \u00a0 \u00a0 \u00a0 \u00a0 \u00a0 \u00a0 \u00a0 \u00a0 \u00a0 \u00a0 \u00a0 \u00a0 \u00a0 \u00a0 \u00a0 \u00a0 \u00a0 \u00a0 \u00a0 \u00a0 \u00a0 \u00a0 \u00a0 \u00a0 \u00a0 \u00a0 \u00a0 \u00a0 \u00a0 \u00a0 \u00a0 \u00a0v\u00fdbor spole\u010denstv\u00ed<\/p>\n","protected":false},"excerpt":{"rendered":"<p>\u00a0 \u00a0 \u00a0 \u00a0 \u00a0 \u00a0 \u00a0 \u00a0 \u00a0 \u00a0 \u00a0 \u00a0 \u00a0 \u00a0 \u00a0 \u00a0 \u00a0 \u00a0 \u00a0 \u00a0 O Z N \u00c1 M E N \u00cd\u00a0 \u00a0 N \u00c1 J E M N \u00cd K \u016e M Od 1.1.2022 budou \u00fa\u0159edn\u00ed dny v\u00fdboru spole\u010denstv\u00ed v\u017edy ka\u017ed\u00e9 t\u0159et\u00ed \u00fater\u00fd v m\u011bs\u00edci od 19.00 hod [&hellip;]<\/p>\n","protected":false},"author":1,"featured_media":0,"parent":0,"menu_order":0,"comment_status":"closed","ping_status":"closed","template":"","meta":{"_bbp_topic_count":0,"_bbp_reply_count":0,"_bbp_total_topic_count":0,"_bbp_total_reply_count":0,"_bbp_voice_count":0,"_bbp_anonymous_reply_count":0,"_bbp_topic_count_hidden":0,"_bbp_reply_count_hidden":0,"_bbp_forum_subforum_count":0,"footnotes":""},"class_list":["post-783","page","type-page","status-publish","hentry"],"_links":{"self":[{"href":"https:\/\/spolecenstvi65.cz\/index.php?rest_route=\/wp\/v2\/pages\/783","targetHints":{"allow":["GET"]}}],"collection":[{"href":"https:\/\/spolecenstvi65.cz\/index.php?rest_route=\/wp\/v2\/pages"}],"about":[{"href":"https:\/\/spolecenstvi65.cz\/index.php?rest_route=\/wp\/v2\/types\/page"}],"author":[{"embeddable":true,"href":"https:\/\/spolecenstvi65.cz\/index.php?rest_route=\/wp\/v2\/users\/1"}],"replies":[{"embeddable":true,"href":"https:\/\/spolecenstvi65.cz\/index.php?rest_route=%2Fwp%2Fv2%2Fcomments&post=783"}],"version-history":[{"count":6,"href":"https:\/\/spolecenstvi65.cz\/index.php?rest_route=\/wp\/v2\/pages\/783\/revisions"}],"predecessor-version":[{"id":790,"href":"https:\/\/spolecenstvi65.cz\/index.php?rest_route=\/wp\/v2\/pages\/783\/revisions\/790"}],"wp:attachment":[{"href":"https:\/\/spolecenstvi65.cz\/index.php?rest_route=%2Fwp%2Fv2%2Fmedia&parent=783"}],"curies":[{"name":"wp","href":"https:\/\/api.w.org\/{rel}","templated":true}]}}